{"id":584,"date":"2019-03-26T10:24:45","date_gmt":"2019-03-26T10:24:45","guid":{"rendered":"https:\/\/www.eben-holz.com\/?page_id=584"},"modified":"2020-06-28T19:34:40","modified_gmt":"2020-06-28T19:34:40","slug":"startseite-2","status":"publish","type":"page","link":"https:\/\/www.eben-holz.com\/","title":{"rendered":"Startseite"},"content":{"rendered":"<div style=\"width: 100%;\" class=\"ml-slider-3-12-1 metaslider metaslider-flex metaslider-533 ml-slider ms-theme-simply-dark nav-hidden\">\n    \n    <div id=\"metaslider_container_533\">\n        <div id=\"metaslider_533\">\n            <ul class=\"slides\">\n                <li style=\"display: block; width: 100%;\" class=\"slide-538 ms-image\"><img src=\"https:\/\/www.eben-holz.com\/wp-content\/uploads\/2018\/06\/header-e1553531919355-1200x300.jpg\" height=\"300\" width=\"1200\" alt=\"\" class=\"slider-533 slide-538\" title=\"header\" \/><\/li>\n            <\/ul>\n        <\/div>\n        \n    <\/div>\n<\/div>\r\n<!-- \/wp:shortcode -->\r\n\r\n<!-- wp:paragraph -->\r\n<p>&nbsp;<\/p>\r\n<p style=\"padding-left: 40px;\"><span style=\"font-size: 16pt; color: #546d15;\"><strong>Tischlerei Eben Holz e. K.<\/strong><\/span><\/p>\r\n<p style=\"padding-left: 40px;\"><span>Seit fast 20 Jahren bieten wir hochwertiges Tischlerhandwerk f\u00fcr moderne Anspr\u00fcche. In unserer ger\u00e4umigen Werkstatt im Herzen von Eimsb\u00fcttel erschaffen wir nach Ihren individuellen W\u00fcnschen Vollholzm\u00f6bel, Ladentheken oder ma\u00dfgeschneiderte Einbaum\u00f6bel, wie z.B. Schr\u00e4nke und K\u00fcchen. Zu unseren Auftraggebern z\u00e4hlen Privatkunden, Architekten und Gastronomen, die ihre ganz pers\u00f6nliche Vorstellung gemeinsam mit uns entwickeln und umsetzen. Unser vierk\u00f6pfiges Team begleitet Sie von der Planung bis zur Montage. Dabei k\u00f6nnen wir auf Wunsch auf unser Netzwerk verschiedener Gewerke zur\u00fcckgreifen. Somit sind auch allumfassende L\u00f6sungen f\u00fcr Ihren Umbau aus einer Hand m\u00f6glich.<\/span><\/p>\r\n<p style=\"padding-left: 40px;\"><span>Kreativ, flexibel und hochwertig.<\/span><\/p>\r\n<p style=\"padding-left: 40px;\"><br \/><br \/><\/p>","protected":false},"excerpt":{"rendered":"<p>&nbsp; Tischlerei Eben Holz e. K. Seit fast 20 Jahren bieten wir hochwertiges Tischlerhandwerk f\u00fcr moderne Anspr\u00fcche. In unserer ger\u00e4umigen Werkstatt im Herzen von Eimsb\u00fcttel erschaffen wir nach Ihren individuellen W\u00fcnschen Vollholzm\u00f6bel, Ladentheken oder ma\u00dfgeschneiderte Einbaum\u00f6bel, wie z.B. Schr\u00e4nke und K\u00fcchen. Zu unseren Auftraggebern z\u00e4hlen Privatkunden, Architekten und Gastronomen, die [&hellip;]<\/p>\n","protected":false},"author":1,"featured_media":0,"parent":0,"menu_order":0,"comment_status":"closed","ping_status":"closed","template":"page-templates\/template-pagebuilder-full-width.php","meta":[],"_links":{"self":[{"href":"https:\/\/www.eben-holz.com\/index.php?rest_route=\/wp\/v2\/pages\/584"}],"collection":[{"href":"https:\/\/www.eben-holz.com\/index.php?rest_route=\/wp\/v2\/pages"}],"about":[{"href":"https:\/\/www.eben-holz.com\/index.php?rest_route=\/wp\/v2\/types\/page"}],"author":[{"embeddable":true,"href":"https:\/\/www.eben-holz.com\/index.php?rest_route=\/wp\/v2\/users\/1"}],"replies":[{"embeddable":true,"href":"https:\/\/www.eben-holz.com\/index.php?rest_route=%2Fwp%2Fv2%2Fcomments&post=584"}],"version-history":[{"count":21,"href":"https:\/\/www.eben-holz.com\/index.php?rest_route=\/wp\/v2\/pages\/584\/revisions"}],"predecessor-version":[{"id":918,"href":"https:\/\/www.eben-holz.com\/index.php?rest_route=\/wp\/v2\/pages\/584\/revisions\/918"}],"wp:attachment":[{"href":"https:\/\/www.eben-holz.com\/index.php?rest_route=%2Fwp%2Fv2%2Fmedia&parent=584"}],"curies":[{"name":"wp","href":"https:\/\/api.w.org\/{rel}","templated":true}]}}